{"id":42,"date":"2023-11-18T23:06:53","date_gmt":"2023-11-18T23:06:53","guid":{"rendered":"http:\/\/www.purcelik.com\/?page_id=42"},"modified":"2023-11-20T04:44:29","modified_gmt":"2023-11-20T04:44:29","slug":"agir-celik-konstruksiyon","status":"publish","type":"page","link":"http:\/\/www.purcelik.com\/?page_id=42","title":{"rendered":"A\u011f\u0131r \u00c7elik Konstr\u00fcksiyon"},"content":{"rendered":"\n<p>En yayg\u0131n kullan\u0131lan \u00e7elik yap\u0131 y\u00f6ntemlerinden biri olan a\u011f\u0131r \u00e7elik yap\u0131, Avrupa&#8217;da 19. y\u00fczy\u0131l\u0131n ba\u015flar\u0131ndan beri kullan\u0131lmaktad\u0131r. \u00dclkemizde ise 1990&#8217;l\u0131 y\u0131llarda uygulama alan\u0131 buldu. \u00c7ok fazla ayr\u0131nt\u0131ya ve y\u00fczey iyile\u015ftirmesine izin verdi\u011fi i\u00e7in \u00e7ok geni\u015f bir uygulama ve kullan\u0131m yelpazesine sahiptir. <\/p>\n\n\n\n<p>B\u00fcy\u00fck konut ve y\u00fcksek bina y\u00fcksekli\u011fi ihtiya\u00e7lar\u0131n\u0131z i\u00e7in s\u0131n\u0131rs\u0131z se\u00e7enek sunan prefabrik \u00e7elik yap\u0131lar; rahat, dayan\u0131kl\u0131, emniyetli, emniyetli, uzun \u00f6m\u00fcrl\u00fc ve boyutsal olarak esnek bir bi\u00e7imde tasarlanabilmesi tavsiye edilir. Mod\u00fcler binalar\u0131n imalat ve montaj s\u00fcreleri olduk\u00e7a k\u0131sa olup, t\u00fcm bile\u015fenleriyle birlikte s\u00f6k\u00fclebilir ve farkl\u0131 alanlarda tekrar tekrar kullan\u0131ma uygundur. Yararl\u0131 olmalar\u0131n\u0131n yan\u0131 s\u0131ra elde edilmesi daha da kolayd\u0131r. <\/p>\n\n\n\n<p>Binada kullan\u0131lan malzemelerin kalitesi, binan\u0131n standartlar\u0131n\u0131 ve \u00f6mr\u00fcn\u00fc yeni bir seviyeye ta\u015f\u0131yor. Bu s\u00fcre\u00e7te \u00f6nemli bir detay ise daha kaliteli yap\u0131 malzemelerinin uygun miktarda bir araya getirilmesi ve ortaya \u00e7\u0131kan yap\u0131n\u0131n \u00e7ok daha sa\u011fl\u0131kl\u0131 bir \u015fekilde sunulmas\u0131d\u0131r. G\u00fcn\u00fcm\u00fczde a\u011f\u0131r \u00e7elik \u00e7o\u011funlukla hafif \u00e7elik yap\u0131larla kar\u015f\u0131la\u015ft\u0131r\u0131lmaktad\u0131r.<\/p>\n","protected":false},"excerpt":{"rendered":"<p>En yayg\u0131n kullan\u0131lan \u00e7elik yap\u0131 y\u00f6ntemlerinden biri olan a\u011f\u0131r \u00e7elik yap\u0131, Avrupa&#8217;da 19. y\u00fczy\u0131l\u0131n ba\u015flar\u0131ndan beri kullan\u0131lmaktad\u0131r. \u00dclkemizde ise 1990&#8217;l\u0131 y\u0131llarda uygulama [&hellip;]<\/p>\n","protected":false},"author":1,"featured_media":0,"parent":0,"menu_order":0,"comment_status":"closed","ping_status":"closed","template":"page-templates\/page_fullwidth.php","meta":{"footnotes":""},"class_list":["post-42","page","type-page","status-publish","hentry"],"_links":{"self":[{"href":"http:\/\/www.purcelik.com\/index.php?rest_route=\/wp\/v2\/pages\/42","targetHints":{"allow":["GET"]}}],"collection":[{"href":"http:\/\/www.purcelik.com\/index.php?rest_route=\/wp\/v2\/pages"}],"about":[{"href":"http:\/\/www.purcelik.com\/index.php?rest_route=\/wp\/v2\/types\/page"}],"author":[{"embeddable":true,"href":"http:\/\/www.purcelik.com\/index.php?rest_route=\/wp\/v2\/users\/1"}],"replies":[{"embeddable":true,"href":"http:\/\/www.purcelik.com\/index.php?rest_route=%2Fwp%2Fv2%2Fcomments&post=42"}],"version-history":[{"count":2,"href":"http:\/\/www.purcelik.com\/index.php?rest_route=\/wp\/v2\/pages\/42\/revisions"}],"predecessor-version":[{"id":98,"href":"http:\/\/www.purcelik.com\/index.php?rest_route=\/wp\/v2\/pages\/42\/revisions\/98"}],"wp:attachment":[{"href":"http:\/\/www.purcelik.com\/index.php?rest_route=%2Fwp%2Fv2%2Fmedia&parent=42"}],"curies":[{"name":"wp","href":"https:\/\/api.w.org\/{rel}","templated":true}]}}