{"id":44,"date":"2023-11-18T23:08:16","date_gmt":"2023-11-18T23:08:16","guid":{"rendered":"http:\/\/www.purcelik.com\/?page_id=44"},"modified":"2023-11-19T18:11:46","modified_gmt":"2023-11-19T18:11:46","slug":"hizmetlerimiz","status":"publish","type":"page","link":"http:\/\/www.purcelik.com\/?page_id=44","title":{"rendered":"Hizmetlerimiz"},"content":{"rendered":"\n<p><a href=\"http:\/\/www.purcelik.com\/?page_id=61\" data-type=\"link\" data-id=\"http:\/\/www.purcelik.com\/?page_id=61\">Proje ve M\u00fchendislik Hizmetleri<\/a><\/p>\n\n\n\n<p><a href=\"http:\/\/www.purcelik.com\/?page_id=40\" data-type=\"link\" data-id=\"http:\/\/www.purcelik.com\/?page_id=40\">Hafif \u00c7elik Konstr\u00fcksiyon<\/a><\/p>\n\n\n\n<p><a href=\"http:\/\/www.purcelik.com\/?page_id=42\">A\u011f\u0131r \u00c7elik Konstr\u00fcksiyon<\/a><\/p>\n\n\n\n<p><a href=\"http:\/\/purcelik.com\/?page_id=88\">Mobilya \u0130malat<\/a><\/p>\n\n\n\n<p><a href=\"http:\/\/www.purcelik.com\/?page_id=56\">\u00c7at\u0131 Sistemleri<\/a><\/p>\n\n\n\n<p><a href=\"http:\/\/www.purcelik.com\/?page_id=58\">Asma Kat Sistemleri<\/a><\/p>\n\n\n\n<p><a href=\"http:\/\/www.purcelik.com\/?page_id=72\">\u00c7elik Kap\u0131 Sistemleri<\/a><\/p>\n\n\n\n<p><a href=\"http:\/\/www.purcelik.com\/?page_id=63\">Vin\u00e7 Tasar\u0131m ve Kurulum<\/a><\/p>\n","protected":false},"excerpt":{"rendered":"<p>Proje ve M\u00fchendislik Hizmetleri Hafif \u00c7elik Konstr\u00fcksiyon A\u011f\u0131r \u00c7elik Konstr\u00fcksiyon Mobilya \u0130malat \u00c7at\u0131 Sistemleri Asma Kat Sistemleri \u00c7elik Kap\u0131 Sistemleri Vin\u00e7 Tasar\u0131m [&hellip;]<\/p>\n","protected":false},"author":1,"featured_media":0,"parent":0,"menu_order":0,"comment_status":"closed","ping_status":"closed","template":"page-templates\/page_fullwidth.php","meta":{"footnotes":""},"class_list":["post-44","page","type-page","status-publish","hentry"],"_links":{"self":[{"href":"http:\/\/www.purcelik.com\/index.php?rest_route=\/wp\/v2\/pages\/44","targetHints":{"allow":["GET"]}}],"collection":[{"href":"http:\/\/www.purcelik.com\/index.php?rest_route=\/wp\/v2\/pages"}],"about":[{"href":"http:\/\/www.purcelik.com\/index.php?rest_route=\/wp\/v2\/types\/page"}],"author":[{"embeddable":true,"href":"http:\/\/www.purcelik.com\/index.php?rest_route=\/wp\/v2\/users\/1"}],"replies":[{"embeddable":true,"href":"http:\/\/www.purcelik.com\/index.php?rest_route=%2Fwp%2Fv2%2Fcomments&post=44"}],"version-history":[{"count":5,"href":"http:\/\/www.purcelik.com\/index.php?rest_route=\/wp\/v2\/pages\/44\/revisions"}],"predecessor-version":[{"id":91,"href":"http:\/\/www.purcelik.com\/index.php?rest_route=\/wp\/v2\/pages\/44\/revisions\/91"}],"wp:attachment":[{"href":"http:\/\/www.purcelik.com\/index.php?rest_route=%2Fwp%2Fv2%2Fmedia&parent=44"}],"curies":[{"name":"wp","href":"https:\/\/api.w.org\/{rel}","templated":true}]}}