{"id":92,"date":"2023-11-20T04:17:17","date_gmt":"2023-11-20T04:17:17","guid":{"rendered":"http:\/\/www.purcelik.com\/?page_id=92"},"modified":"2023-11-20T04:22:51","modified_gmt":"2023-11-20T04:22:51","slug":"neden-bizi-tercih-etmelisiniz","status":"publish","type":"page","link":"http:\/\/www.purcelik.com\/?page_id=92","title":{"rendered":"Neden Bizi Tercih Etmelisiniz?"},"content":{"rendered":"\n<h3 class=\"wp-block-heading\">Tecr\u00fcbe ve Uzmanl\u0131k<\/h3>\n\n\n\n<p>\u00c7elik yap\u0131 in\u015faat\u0131 ve mobilya sekt\u00f6r\u00fcnde farkl\u0131 deneyimlere sahip olma \u015fans\u0131n\u0131 elde ettik. Alan\u0131nda uzman arkada\u015flar\u0131m\u0131z, i\u015finizi en iyi \u015fekilde tamamlamak i\u00e7in gereken bilgi ve beceriye sahiptir.<\/p>\n\n\n\n<h3 class=\"wp-block-heading\">Kalite ve Dayan\u0131kl\u0131l\u0131k<\/h3>\n\n\n\n<p>M\u00fc\u015fteri memnuniyetini \u00f6n planda tutarak y\u00fcksek kalite standartlar\u0131yla \u00e7al\u0131\u015f\u0131yoruz. \u00c7elik yap\u0131lar\u0131m\u0131z dayan\u0131kl\u0131 malzemelerden \u00fcretilerek uzun \u00f6m\u00fcrl\u00fc kullan\u0131m imkan\u0131 sunar.<\/p>\n\n\n\n<h3 class=\"wp-block-heading\">\u00d6zelle\u015ftirme ve Esneklik<\/h3>\n\n\n\n<p>\u0130htiya\u00e7lar\u0131n\u0131za uygun \u00e7\u00f6z\u00fcmler sunmak i\u00e7in sizinle beraber projenizi \u00f6zelle\u015ftiriyoruz. Sizin taleplerinizi dikkate alarak tasar\u0131m, renk ve \u00f6l\u00e7\u00fc gibi detaylar\u0131 birlikte belirliyor ve her ad\u0131mda sizinle beraber yol al\u0131yoruz.<\/p>\n\n\n\n<h3 class=\"wp-block-heading\">M\u00fc\u015fteri Memnuniyeti<\/h3>\n\n\n\n<p>M\u00fc\u015fterilerimizin beklentilerini a\u015fmak ve onlar\u0131n memnuniyetini garanti alt\u0131na almak en b\u00fcy\u00fck \u00f6nceli\u011fimizdir. Profesyonel hizmetlerimiz ve \u00fcst\u00fcn kalitemizle sizlere en iyi deneyimi sunmak i\u00e7in \u00e7al\u0131\u015f\u0131yoruz.<\/p>\n\n\n\n<p class=\"has-medium-font-size\"><a href=\"http:\/\/www.purcelik.com\/?page_id=79\" data-type=\"link\" data-id=\"http:\/\/www.purcelik.com\/?page_id=79\">Daha fazla bilgi almak ve bizimle \u00e7al\u0131\u015fmak isterseniz ileti\u015fime ge\u00e7iniz.<\/a><\/p>\n","protected":false},"excerpt":{"rendered":"<p>Tecr\u00fcbe ve Uzmanl\u0131k \u00c7elik yap\u0131 in\u015faat\u0131 ve mobilya sekt\u00f6r\u00fcnde farkl\u0131 deneyimlere sahip olma \u015fans\u0131n\u0131 elde ettik. Alan\u0131nda uzman arkada\u015flar\u0131m\u0131z, i\u015finizi en iyi [&hellip;]<\/p>\n","protected":false},"author":1,"featured_media":0,"parent":0,"menu_order":0,"comment_status":"closed","ping_status":"closed","template":"","meta":{"footnotes":""},"class_list":["post-92","page","type-page","status-publish","hentry"],"_links":{"self":[{"href":"http:\/\/www.purcelik.com\/index.php?rest_route=\/wp\/v2\/pages\/92","targetHints":{"allow":["GET"]}}],"collection":[{"href":"http:\/\/www.purcelik.com\/index.php?rest_route=\/wp\/v2\/pages"}],"about":[{"href":"http:\/\/www.purcelik.com\/index.php?rest_route=\/wp\/v2\/types\/page"}],"author":[{"embeddable":true,"href":"http:\/\/www.purcelik.com\/index.php?rest_route=\/wp\/v2\/users\/1"}],"replies":[{"embeddable":true,"href":"http:\/\/www.purcelik.com\/index.php?rest_route=%2Fwp%2Fv2%2Fcomments&post=92"}],"version-history":[{"count":2,"href":"http:\/\/www.purcelik.com\/index.php?rest_route=\/wp\/v2\/pages\/92\/revisions"}],"predecessor-version":[{"id":96,"href":"http:\/\/www.purcelik.com\/index.php?rest_route=\/wp\/v2\/pages\/92\/revisions\/96"}],"wp:attachment":[{"href":"http:\/\/www.purcelik.com\/index.php?rest_route=%2Fwp%2Fv2%2Fmedia&parent=92"}],"curies":[{"name":"wp","href":"https:\/\/api.w.org\/{rel}","templated":true}]}}